{"id":37267,"date":"2023-03-07T14:57:38","date_gmt":"2023-03-07T13:57:38","guid":{"rendered":"https:\/\/dentaleyepad.de\/ganador-s\/"},"modified":"2023-03-07T14:57:40","modified_gmt":"2023-03-07T13:57:40","slug":"ganador-s","status":"publish","type":"page","link":"https:\/\/dentaleyepad.de\/es\/ganador-s\/","title":{"rendered":"Ganador"},"content":{"rendered":"\t\t<div data-elementor-type=\"wp-page\" data-elementor-id=\"37267\" class=\"elementor elementor-37267 elementor-5781\" data-elementor-post-type=\"page\">\n\t\t\t\t\t\t<section class=\"elementor-section elementor-top-section elementor-element elementor-element-3f1df567 dentaleyepad-image-container elementor-section-full_width elementor-section-height-full elementor-section-items-stretch elementor-section-content-space-between elementor-section-height-default\" data-id=\"3f1df567\" data-element_type=\"section\" data-e-type=\"section\" data-settings=\"{&quot;background_background&quot;:&quot;classic&quot;}\">\n\t\t\t\t\t\t<div class=\"elementor-container elementor-column-gap-default\">\n\t\t\t\t\t<div class=\"elementor-column elementor-col-100 elementor-top-column elementor-element elementor-element-2b7f340\" data-id=\"2b7f340\" data-element_type=\"column\" data-e-type=\"column\">\n\t\t\t<div class=\"elementor-widget-wrap elementor-element-populated\">\n\t\t\t\t\t\t<div class=\"elementor-element elementor-element-5c290bbc elementor-widget elementor-widget-image\" data-id=\"5c290bbc\" data-element_type=\"widget\" data-e-type=\"widget\" data-widget_type=\"image.default\">\n\t\t\t\t<div class=\"elementor-widget-container\">\n\t\t\t\t\t\t\t\t\t\t\t\t\t\t\t<img fetchpriority=\"high\" decoding=\"async\" width=\"768\" height=\"440\" src=\"https:\/\/dentaleyepad.de\/wp-content\/uploads\/2021\/10\/dental-camera-dentaleyepad-transfer-assistant-winner-blue-com.png\" class=\"attachment-full size-full wp-image-35892\" alt=\"\" srcset=\"https:\/\/dentaleyepad.de\/wp-content\/uploads\/2021\/10\/dental-camera-dentaleyepad-transfer-assistant-winner-blue-com.png 768w, https:\/\/dentaleyepad.de\/wp-content\/uploads\/2021\/10\/dental-camera-dentaleyepad-transfer-assistant-winner-blue-com-300x172.png 300w, https:\/\/dentaleyepad.de\/wp-content\/uploads\/2021\/10\/dental-camera-dentaleyepad-transfer-assistant-winner-blue-com-600x344.png 600w\" sizes=\"(max-width: 768px) 100vw, 768px\" \/>\t\t\t\t\t\t\t\t\t\t\t\t\t\t\t<\/div>\n\t\t\t\t<\/div>\n\t\t\t\t<div class=\"elementor-element elementor-element-ddc66a3 elementor-widget elementor-widget-image\" data-id=\"ddc66a3\" data-element_type=\"widget\" data-e-type=\"widget\" data-widget_type=\"image.default\">\n\t\t\t\t<div class=\"elementor-widget-container\">\n\t\t\t\t\t\t\t\t\t\t\t\t\t\t\t<img decoding=\"async\" width=\"300\" height=\"250\" src=\"https:\/\/dentaleyepad.de\/wp-content\/uploads\/2021\/11\/scrollen-icon.png\" class=\"attachment-full size-full wp-image-35905\" alt=\"\" \/>\t\t\t\t\t\t\t\t\t\t\t\t\t\t\t<\/div>\n\t\t\t\t<\/div>\n\t\t\t\t\t<\/div>\n\t\t<\/div>\n\t\t\t\t\t<\/div>\n\t\t<\/section>\n\t\t\t\t<section class=\"elementor-section elementor-top-section elementor-element elementor-element-20e3c127 elementor-section-boxed elementor-section-height-default elementor-section-height-default\" data-id=\"20e3c127\" data-element_type=\"section\" data-e-type=\"section\" data-settings=\"{&quot;background_background&quot;:&quot;classic&quot;}\">\n\t\t\t\t\t\t<div class=\"elementor-container elementor-column-gap-default\">\n\t\t\t\t\t<div class=\"elementor-column elementor-col-100 elementor-top-column elementor-element elementor-element-17a5954f\" data-id=\"17a5954f\" data-element_type=\"column\" data-e-type=\"column\">\n\t\t\t<div class=\"elementor-widget-wrap elementor-element-populated\">\n\t\t\t\t\t\t<div class=\"elementor-element elementor-element-77d8e692 elementor-widget__width-auto elementor-widget elementor-widget-heading\" data-id=\"77d8e692\" data-element_type=\"widget\" data-e-type=\"widget\" data-settings=\"{&quot;motion_fx_motion_fx_scrolling&quot;:&quot;yes&quot;,&quot;motion_fx_opacity_effect&quot;:&quot;yes&quot;,&quot;motion_fx_opacity_range&quot;:{&quot;unit&quot;:&quot;%&quot;,&quot;size&quot;:&quot;&quot;,&quot;sizes&quot;:{&quot;start&quot;:11,&quot;end&quot;:56}},&quot;motion_fx_opacity_direction&quot;:&quot;out-in&quot;,&quot;motion_fx_opacity_level&quot;:{&quot;unit&quot;:&quot;px&quot;,&quot;size&quot;:10,&quot;sizes&quot;:[]},&quot;motion_fx_devices&quot;:[&quot;desktop&quot;,&quot;tablet&quot;,&quot;mobile&quot;]}\" data-widget_type=\"heading.default\">\n\t\t\t\t<div class=\"elementor-widget-container\">\n\t\t\t\t\t<h2 class=\"elementor-heading-title elementor-size-default\">... el ganador de un dentaleyepad 3 se llama:  <\/h2>\t\t\t\t<\/div>\n\t\t\t\t<\/div>\n\t\t\t\t<div class=\"elementor-element elementor-element-4786db73 elementor-widget elementor-widget-image\" data-id=\"4786db73\" data-element_type=\"widget\" data-e-type=\"widget\" data-settings=\"{&quot;motion_fx_motion_fx_scrolling&quot;:&quot;yes&quot;,&quot;motion_fx_opacity_effect&quot;:&quot;yes&quot;,&quot;motion_fx_opacity_range&quot;:{&quot;unit&quot;:&quot;%&quot;,&quot;size&quot;:&quot;&quot;,&quot;sizes&quot;:{&quot;start&quot;:20,&quot;end&quot;:64}},&quot;motion_fx_opacity_direction&quot;:&quot;out-in&quot;,&quot;motion_fx_opacity_level&quot;:{&quot;unit&quot;:&quot;px&quot;,&quot;size&quot;:10,&quot;sizes&quot;:[]},&quot;motion_fx_devices&quot;:[&quot;desktop&quot;,&quot;tablet&quot;,&quot;mobile&quot;]}\" data-widget_type=\"image.default\">\n\t\t\t\t<div class=\"elementor-widget-container\">\n\t\t\t\t\t\t\t\t\t\t\t\t\t\t\t<img decoding=\"async\" width=\"250\" height=\"251\" src=\"https:\/\/dentaleyepad.de\/wp-content\/uploads\/2021\/10\/Untitled-Project.gif\" class=\"attachment-large size-large wp-image-35890\" alt=\"\" \/>\t\t\t\t\t\t\t\t\t\t\t\t\t\t\t<\/div>\n\t\t\t\t<\/div>\n\t\t\t\t<div class=\"elementor-element elementor-element-5ed07104 elementor-widget__width-auto elementor-widget elementor-widget-heading\" data-id=\"5ed07104\" data-element_type=\"widget\" data-e-type=\"widget\" data-settings=\"{&quot;motion_fx_motion_fx_scrolling&quot;:&quot;yes&quot;,&quot;motion_fx_opacity_effect&quot;:&quot;yes&quot;,&quot;motion_fx_opacity_range&quot;:{&quot;unit&quot;:&quot;%&quot;,&quot;size&quot;:&quot;&quot;,&quot;sizes&quot;:{&quot;start&quot;:20,&quot;end&quot;:64}},&quot;motion_fx_opacity_direction&quot;:&quot;out-in&quot;,&quot;motion_fx_opacity_level&quot;:{&quot;unit&quot;:&quot;px&quot;,&quot;size&quot;:10,&quot;sizes&quot;:[]},&quot;motion_fx_devices&quot;:[&quot;desktop&quot;,&quot;tablet&quot;,&quot;mobile&quot;]}\" data-widget_type=\"heading.default\">\n\t\t\t\t<div class=\"elementor-widget-container\">\n\t\t\t\t\t<h2 class=\"elementor-heading-title elementor-size-default\">Dra. Katharina Warzecha  <br>de\n64560 Riedstad<\/h2>\t\t\t\t<\/div>\n\t\t\t\t<\/div>\n\t\t\t\t<div class=\"elementor-element elementor-element-58905f7c elementor-widget__width-auto elementor-widget elementor-widget-heading\" data-id=\"58905f7c\" data-element_type=\"widget\" data-e-type=\"widget\" data-settings=\"{&quot;motion_fx_motion_fx_scrolling&quot;:&quot;yes&quot;,&quot;motion_fx_opacity_effect&quot;:&quot;yes&quot;,&quot;motion_fx_opacity_range&quot;:{&quot;unit&quot;:&quot;%&quot;,&quot;size&quot;:&quot;&quot;,&quot;sizes&quot;:{&quot;start&quot;:23,&quot;end&quot;:65}},&quot;motion_fx_opacity_direction&quot;:&quot;out-in&quot;,&quot;motion_fx_opacity_level&quot;:{&quot;unit&quot;:&quot;px&quot;,&quot;size&quot;:10,&quot;sizes&quot;:[]},&quot;motion_fx_devices&quot;:[&quot;desktop&quot;,&quot;tablet&quot;,&quot;mobile&quot;]}\" data-widget_type=\"heading.default\">\n\t\t\t\t<div class=\"elementor-widget-container\">\n\t\t\t\t\t<h2 class=\"elementor-heading-title elementor-size-default\">De coraz\u00f3n<br>  \u00a1Felicidades!<\/h2>\t\t\t\t<\/div>\n\t\t\t\t<\/div>\n\t\t\t\t\t<\/div>\n\t\t<\/div>\n\t\t\t\t\t<\/div>\n\t\t<\/section>\n\t\t\t\t<section class=\"elementor-section elementor-top-section elementor-element elementor-element-26315ada elementor-section-boxed elementor-section-height-default elementor-section-height-default\" data-id=\"26315ada\" data-element_type=\"section\" data-e-type=\"section\" data-settings=\"{&quot;background_background&quot;:&quot;classic&quot;}\">\n\t\t\t\t\t\t<div class=\"elementor-container elementor-column-gap-default\">\n\t\t\t\t\t<div class=\"elementor-column elementor-col-50 elementor-top-column elementor-element elementor-element-7a359f5f\" data-id=\"7a359f5f\" data-element_type=\"column\" data-e-type=\"column\" data-settings=\"{&quot;motion_fx_motion_fx_scrolling&quot;:&quot;yes&quot;,&quot;motion_fx_devices&quot;:[&quot;desktop&quot;,&quot;tablet&quot;,&quot;mobile&quot;]}\">\n\t\t\t<div class=\"elementor-widget-wrap elementor-element-populated\">\n\t\t\t\t\t\t<div class=\"elementor-element elementor-element-72fc5db elementor-widget elementor-widget-heading\" data-id=\"72fc5db\" data-element_type=\"widget\" data-e-type=\"widget\" data-widget_type=\"heading.default\">\n\t\t\t\t<div class=\"elementor-widget-container\">\n\t\t\t\t\t<h2 class=\"elementor-heading-title elementor-size-default\">Ha ganado una imprenta:  <br>\n\n  Adam Dawid 23843 Bad Oldesloe<\/h2>\t\t\t\t<\/div>\n\t\t\t\t<\/div>\n\t\t\t\t<div class=\"elementor-element elementor-element-31de236d elementor-widget elementor-widget-image\" data-id=\"31de236d\" data-element_type=\"widget\" data-e-type=\"widget\" data-widget_type=\"image.default\">\n\t\t\t\t<div class=\"elementor-widget-container\">\n\t\t\t\t\t\t\t\t\t\t\t\t\t\t\t<img loading=\"lazy\" decoding=\"async\" width=\"768\" height=\"440\" src=\"https:\/\/dentaleyepad.de\/wp-content\/uploads\/2021\/10\/foto-drucker-preis2-canon.png\" class=\"attachment-large size-large wp-image-35902\" alt=\"\" srcset=\"https:\/\/dentaleyepad.de\/wp-content\/uploads\/2021\/10\/foto-drucker-preis2-canon.png 768w, https:\/\/dentaleyepad.de\/wp-content\/uploads\/2021\/10\/foto-drucker-preis2-canon-300x172.png 300w, https:\/\/dentaleyepad.de\/wp-content\/uploads\/2021\/10\/foto-drucker-preis2-canon-600x344.png 600w\" sizes=\"(max-width: 768px) 100vw, 768px\" \/>\t\t\t\t\t\t\t\t\t\t\t\t\t\t\t<\/div>\n\t\t\t\t<\/div>\n\t\t\t\t\t<\/div>\n\t\t<\/div>\n\t\t\t\t<div class=\"elementor-column elementor-col-50 elementor-top-column elementor-element elementor-element-f9ac22a\" data-id=\"f9ac22a\" data-element_type=\"column\" data-e-type=\"column\" data-settings=\"{&quot;motion_fx_motion_fx_scrolling&quot;:&quot;yes&quot;,&quot;motion_fx_devices&quot;:[&quot;desktop&quot;,&quot;tablet&quot;,&quot;mobile&quot;]}\">\n\t\t\t<div class=\"elementor-widget-wrap elementor-element-populated\">\n\t\t\t\t\t\t<div class=\"elementor-element elementor-element-20d45efa elementor-widget elementor-widget-heading\" data-id=\"20d45efa\" data-element_type=\"widget\" data-e-type=\"widget\" data-widget_type=\"heading.default\">\n\t\t\t\t<div class=\"elementor-widget-container\">\n\t\t\t\t\t<h2 class=\"elementor-heading-title elementor-size-default\">Gan\u00f3 un juego de espejos:  <br>\n\nRainer Stelz de 26603 Aurich<\/h2>\t\t\t\t<\/div>\n\t\t\t\t<\/div>\n\t\t\t\t<div class=\"elementor-element elementor-element-67d483df elementor-widget elementor-widget-image\" data-id=\"67d483df\" data-element_type=\"widget\" data-e-type=\"widget\" data-widget_type=\"image.default\">\n\t\t\t\t<div class=\"elementor-widget-container\">\n\t\t\t\t\t\t\t\t\t\t\t\t\t\t\t<img loading=\"lazy\" decoding=\"async\" width=\"768\" height=\"440\" src=\"https:\/\/dentaleyepad.de\/wp-content\/uploads\/2021\/10\/dentalspielgel-preis-3-canon.png\" class=\"attachment-large size-large wp-image-35903\" alt=\"\" srcset=\"https:\/\/dentaleyepad.de\/wp-content\/uploads\/2021\/10\/dentalspielgel-preis-3-canon.png 768w, https:\/\/dentaleyepad.de\/wp-content\/uploads\/2021\/10\/dentalspielgel-preis-3-canon-300x172.png 300w, https:\/\/dentaleyepad.de\/wp-content\/uploads\/2021\/10\/dentalspielgel-preis-3-canon-600x344.png 600w\" sizes=\"(max-width: 768px) 100vw, 768px\" \/>\t\t\t\t\t\t\t\t\t\t\t\t\t\t\t<\/div>\n\t\t\t\t<\/div>\n\t\t\t\t\t<\/div>\n\t\t<\/div>\n\t\t\t\t\t<\/div>\n\t\t<\/section>\n\t\t\t\t<section class=\"elementor-section elementor-top-section elementor-element elementor-element-7df17ff6 elementor-section-boxed elementor-section-height-default elementor-section-height-default\" data-id=\"7df17ff6\" data-element_type=\"section\" data-e-type=\"section\" data-settings=\"{&quot;background_background&quot;:&quot;classic&quot;,&quot;shape_divider_top&quot;:&quot;triangle&quot;}\">\n\t\t\t\t\t<div class=\"elementor-shape elementor-shape-top\" aria-hidden=\"true\" data-negative=\"false\">\n\t\t\t<svg xmlns=\"http:\/\/www.w3.org\/2000\/svg\" viewBox=\"0 0 1000 100\" preserveAspectRatio=\"none\">\n\t<path class=\"elementor-shape-fill\" d=\"M500,98.9L0,6.1V0h1000v6.1L500,98.9z\"\/>\n<\/svg>\t\t<\/div>\n\t\t\t\t\t<div class=\"elementor-container elementor-column-gap-default\">\n\t\t\t\t\t<div class=\"elementor-column elementor-col-100 elementor-top-column elementor-element elementor-element-6eb77157\" data-id=\"6eb77157\" data-element_type=\"column\" data-e-type=\"column\">\n\t\t\t<div class=\"elementor-widget-wrap elementor-element-populated\">\n\t\t\t\t\t\t<div class=\"elementor-element elementor-element-63d72455 elementor-widget elementor-widget-heading\" data-id=\"63d72455\" data-element_type=\"widget\" data-e-type=\"widget\" data-widget_type=\"heading.default\">\n\t\t\t\t<div class=\"elementor-widget-container\">\n\t\t\t\t\t<h2 class=\"elementor-heading-title elementor-size-default\">\u00bfNo ha ganado nada? L\u00e1stima.  \n<br>Pero no est\u00e9s triste.  <br><br>La pr\u00f3xima competici\u00f3n acaba de empezar y<br> \n  Puede inscribirse aqu\u00ed:  <\/h2>\t\t\t\t<\/div>\n\t\t\t\t<\/div>\n\t\t\t\t<div class=\"elementor-element elementor-element-052ab26 form-max-width form-newsletter elementor-button-align-center elementor-widget elementor-widget-form\" data-id=\"052ab26\" data-element_type=\"widget\" data-e-type=\"widget\" data-settings=\"{&quot;step_next_label&quot;:&quot;Siguiente&quot;,&quot;step_previous_label&quot;:&quot;Anterior&quot;,&quot;button_width&quot;:&quot;100&quot;,&quot;step_type&quot;:&quot;number_text&quot;,&quot;step_icon_shape&quot;:&quot;circle&quot;}\" data-widget_type=\"form.default\">\n\t\t\t\t<div class=\"elementor-widget-container\">\n\t\t\t\t\t\t\t<form class=\"elementor-form\" method=\"post\" name=\"Nuevo formulario\" aria-label=\"Nuevo formulario\">\n\t\t\t<input type=\"hidden\" name=\"post_id\" value=\"37267\"\/>\n\t\t\t<input type=\"hidden\" name=\"form_id\" value=\"052ab26\"\/>\n\t\t\t<input type=\"hidden\" name=\"referer_title\" value=\"dentaleyepad\" \/>\n\n\t\t\t\n\t\t\t<div class=\"elementor-form-fields-wrapper elementor-labels-\">\n\t\t\t\t\t\t\t\t<div class=\"elementor-field-type-hidden elementor-field-group elementor-column elementor-field-group-vorname elementor-col-100\">\n\t\t\t\t\t\t\t\t\t\t\t\t\t<input size=\"1\" type=\"hidden\" name=\"form_fields[vorname]\" id=\"form-field-vorname\" class=\"elementor-field elementor-size-sm  elementor-field-textual\">\n\t\t\t\t\t\t\t\t\t\t\t<\/div>\n\t\t\t\t\t\t\t\t<div class=\"elementor-field-type-hidden elementor-field-group elementor-column elementor-field-group-email elementor-col-100\">\n\t\t\t\t\t\t\t\t\t\t\t\t\t<input size=\"1\" type=\"hidden\" name=\"form_fields[email]\" id=\"form-field-email\" class=\"elementor-field elementor-size-sm  elementor-field-textual\">\n\t\t\t\t\t\t\t\t\t\t\t<\/div>\n\t\t\t\t\t\t\t\t<div class=\"elementor-field-type-hidden elementor-field-group elementor-column elementor-field-group-field_dc18d6f elementor-col-100\">\n\t\t\t\t\t\t\t\t\t\t\t\t\t<input size=\"1\" type=\"hidden\" name=\"form_fields[field_dc18d6f]\" id=\"form-field-field_dc18d6f\" class=\"elementor-field elementor-size-sm  elementor-field-textual\" value=\"ger\">\n\t\t\t\t\t\t\t\t\t\t\t<\/div>\n\t\t\t\t\t\t\t\t<div class=\"elementor-field-group elementor-column elementor-field-type-submit elementor-col-100 e-form__buttons\">\n\t\t\t\t\t<button class=\"elementor-button elementor-size-sm\" type=\"submit\">\n\t\t\t\t\t\t<span class=\"elementor-button-content-wrapper\">\n\t\t\t\t\t\t\t\t\t\t\t\t\t\t\t\t\t\t\t\t\t\t<span class=\"elementor-button-text\">Volver a participar en el concurso<\/span>\n\t\t\t\t\t\t\t\t\t\t\t\t\t<\/span>\n\t\t\t\t\t<\/button>\n\t\t\t\t<\/div>\n\t\t\t<\/div>\n\t\t<\/form>\n\t\t\t\t\t\t<\/div>\n\t\t\t\t<\/div>\n\t\t\t\t\t<\/div>\n\t\t<\/div>\n\t\t\t\t\t<\/div>\n\t\t<\/section>\n\t\t\t\t<\/div>\n\t\t","protected":false},"excerpt":{"rendered":"<p>&#8230; el ganador de un dentaleyepad 3 se llama: Dra. Katharina Warzecha de 64560 Riedstad De coraz\u00f3n \u00a1Felicidades! Ha ganado una imprenta: Adam Dawid 23843 Bad Oldesloe Gan\u00f3 un juego de espejos: Rainer Stelz de 26603 Aurich \u00bfNo ha ganado nada? L\u00e1stima. Pero no est\u00e9s triste. La pr\u00f3xima competici\u00f3n acaba de empezar y Puede inscribirse [&hellip;]<\/p>\n","protected":false},"author":119,"featured_media":0,"parent":0,"menu_order":0,"comment_status":"closed","ping_status":"closed","template":"","meta":{"_acf_changed":false,"footnotes":""},"class_list":["post-37267","page","type-page","status-publish","hentry"],"acf":[],"yoast_head":"<!-- This site is optimized with the Yoast SEO plugin v27.2 - https:\/\/yoast.com\/product\/yoast-seo-wordpress\/ -->\n<title>Ganador - dentaleyepad<\/title>\n<meta name=\"robots\" content=\"noindex, nofollow\" \/>\n<meta property=\"og:locale\" content=\"es_ES\" \/>\n<meta property=\"og:type\" content=\"article\" \/>\n<meta property=\"og:title\" content=\"Ganador - dentaleyepad\" \/>\n<meta property=\"og:description\" content=\"&#8230; el ganador de un dentaleyepad 3 se llama: Dra. Katharina Warzecha de 64560 Riedstad De coraz\u00f3n \u00a1Felicidades! Ha ganado una imprenta: Adam Dawid 23843 Bad Oldesloe Gan\u00f3 un juego de espejos: Rainer Stelz de 26603 Aurich \u00bfNo ha ganado nada? L\u00e1stima. Pero no est\u00e9s triste. La pr\u00f3xima competici\u00f3n acaba de empezar y Puede inscribirse [&hellip;]\" \/>\n<meta property=\"og:url\" content=\"https:\/\/dentaleyepad.de\/es\/ganador-s\/\" \/>\n<meta property=\"og:site_name\" content=\"dentaleyepad\" \/>\n<meta property=\"article:modified_time\" content=\"2023-03-07T13:57:40+00:00\" \/>\n<meta property=\"og:image\" content=\"https:\/\/dentaleyepad.de\/wp-content\/uploads\/2021\/10\/dental-camera-dentaleyepad-transfer-assistant-winner-blue-com.png\" \/>\n<meta name=\"twitter:card\" content=\"summary_large_image\" \/>\n<script type=\"application\/ld+json\" class=\"yoast-schema-graph\">{\"@context\":\"https:\/\/schema.org\",\"@graph\":[{\"@type\":\"WebPage\",\"@id\":\"https:\/\/dentaleyepad.de\/es\/ganador-s\/\",\"url\":\"https:\/\/dentaleyepad.de\/es\/ganador-s\/\",\"name\":\"Ganador - dentaleyepad\",\"isPartOf\":{\"@id\":\"https:\/\/dentaleyepad.de\/#website\"},\"primaryImageOfPage\":{\"@id\":\"https:\/\/dentaleyepad.de\/es\/ganador-s\/#primaryimage\"},\"image\":{\"@id\":\"https:\/\/dentaleyepad.de\/es\/ganador-s\/#primaryimage\"},\"thumbnailUrl\":\"https:\/\/dentaleyepad.de\/wp-content\/uploads\/2021\/10\/dental-camera-dentaleyepad-transfer-assistant-winner-blue-com.png\",\"datePublished\":\"2023-03-07T13:57:38+00:00\",\"dateModified\":\"2023-03-07T13:57:40+00:00\",\"breadcrumb\":{\"@id\":\"https:\/\/dentaleyepad.de\/es\/ganador-s\/#breadcrumb\"},\"inLanguage\":\"es\",\"potentialAction\":[{\"@type\":\"ReadAction\",\"target\":[\"https:\/\/dentaleyepad.de\/es\/ganador-s\/\"]}]},{\"@type\":\"ImageObject\",\"inLanguage\":\"es\",\"@id\":\"https:\/\/dentaleyepad.de\/es\/ganador-s\/#primaryimage\",\"url\":\"https:\/\/dentaleyepad.de\/wp-content\/uploads\/2021\/10\/dental-camera-dentaleyepad-transfer-assistant-winner-blue-com.png\",\"contentUrl\":\"https:\/\/dentaleyepad.de\/wp-content\/uploads\/2021\/10\/dental-camera-dentaleyepad-transfer-assistant-winner-blue-com.png\"},{\"@type\":\"BreadcrumbList\",\"@id\":\"https:\/\/dentaleyepad.de\/es\/ganador-s\/#breadcrumb\",\"itemListElement\":[{\"@type\":\"ListItem\",\"position\":1,\"name\":\"Startseite\",\"item\":\"https:\/\/dentaleyepad.de\/es\/\"},{\"@type\":\"ListItem\",\"position\":2,\"name\":\"Ganador\"}]},{\"@type\":\"WebSite\",\"@id\":\"https:\/\/dentaleyepad.de\/#website\",\"url\":\"https:\/\/dentaleyepad.de\/\",\"name\":\"dentaleyepad\",\"description\":\"dental photograpy\",\"potentialAction\":[{\"@type\":\"SearchAction\",\"target\":{\"@type\":\"EntryPoint\",\"urlTemplate\":\"https:\/\/dentaleyepad.de\/?s={search_term_string}\"},\"query-input\":{\"@type\":\"PropertyValueSpecification\",\"valueRequired\":true,\"valueName\":\"search_term_string\"}}],\"inLanguage\":\"es\"}]}<\/script>\n<!-- \/ Yoast SEO plugin. -->","yoast_head_json":{"title":"Ganador - dentaleyepad","robots":{"index":"noindex","follow":"nofollow"},"og_locale":"es_ES","og_type":"article","og_title":"Ganador - dentaleyepad","og_description":"&#8230; el ganador de un dentaleyepad 3 se llama: Dra. Katharina Warzecha de 64560 Riedstad De coraz\u00f3n \u00a1Felicidades! Ha ganado una imprenta: Adam Dawid 23843 Bad Oldesloe Gan\u00f3 un juego de espejos: Rainer Stelz de 26603 Aurich \u00bfNo ha ganado nada? L\u00e1stima. Pero no est\u00e9s triste. La pr\u00f3xima competici\u00f3n acaba de empezar y Puede inscribirse [&hellip;]","og_url":"https:\/\/dentaleyepad.de\/es\/ganador-s\/","og_site_name":"dentaleyepad","article_modified_time":"2023-03-07T13:57:40+00:00","og_image":[{"url":"https:\/\/dentaleyepad.de\/wp-content\/uploads\/2021\/10\/dental-camera-dentaleyepad-transfer-assistant-winner-blue-com.png","type":"","width":"","height":""}],"twitter_card":"summary_large_image","schema":{"@context":"https:\/\/schema.org","@graph":[{"@type":"WebPage","@id":"https:\/\/dentaleyepad.de\/es\/ganador-s\/","url":"https:\/\/dentaleyepad.de\/es\/ganador-s\/","name":"Ganador - dentaleyepad","isPartOf":{"@id":"https:\/\/dentaleyepad.de\/#website"},"primaryImageOfPage":{"@id":"https:\/\/dentaleyepad.de\/es\/ganador-s\/#primaryimage"},"image":{"@id":"https:\/\/dentaleyepad.de\/es\/ganador-s\/#primaryimage"},"thumbnailUrl":"https:\/\/dentaleyepad.de\/wp-content\/uploads\/2021\/10\/dental-camera-dentaleyepad-transfer-assistant-winner-blue-com.png","datePublished":"2023-03-07T13:57:38+00:00","dateModified":"2023-03-07T13:57:40+00:00","breadcrumb":{"@id":"https:\/\/dentaleyepad.de\/es\/ganador-s\/#breadcrumb"},"inLanguage":"es","potentialAction":[{"@type":"ReadAction","target":["https:\/\/dentaleyepad.de\/es\/ganador-s\/"]}]},{"@type":"ImageObject","inLanguage":"es","@id":"https:\/\/dentaleyepad.de\/es\/ganador-s\/#primaryimage","url":"https:\/\/dentaleyepad.de\/wp-content\/uploads\/2021\/10\/dental-camera-dentaleyepad-transfer-assistant-winner-blue-com.png","contentUrl":"https:\/\/dentaleyepad.de\/wp-content\/uploads\/2021\/10\/dental-camera-dentaleyepad-transfer-assistant-winner-blue-com.png"},{"@type":"BreadcrumbList","@id":"https:\/\/dentaleyepad.de\/es\/ganador-s\/#breadcrumb","itemListElement":[{"@type":"ListItem","position":1,"name":"Startseite","item":"https:\/\/dentaleyepad.de\/es\/"},{"@type":"ListItem","position":2,"name":"Ganador"}]},{"@type":"WebSite","@id":"https:\/\/dentaleyepad.de\/#website","url":"https:\/\/dentaleyepad.de\/","name":"dentaleyepad","description":"dental photograpy","potentialAction":[{"@type":"SearchAction","target":{"@type":"EntryPoint","urlTemplate":"https:\/\/dentaleyepad.de\/?s={search_term_string}"},"query-input":{"@type":"PropertyValueSpecification","valueRequired":true,"valueName":"search_term_string"}}],"inLanguage":"es"}]}},"_links":{"self":[{"href":"https:\/\/dentaleyepad.de\/es\/wp-json\/wp\/v2\/pages\/37267","targetHints":{"allow":["GET"]}}],"collection":[{"href":"https:\/\/dentaleyepad.de\/es\/wp-json\/wp\/v2\/pages"}],"about":[{"href":"https:\/\/dentaleyepad.de\/es\/wp-json\/wp\/v2\/types\/page"}],"author":[{"embeddable":true,"href":"https:\/\/dentaleyepad.de\/es\/wp-json\/wp\/v2\/users\/119"}],"replies":[{"embeddable":true,"href":"https:\/\/dentaleyepad.de\/es\/wp-json\/wp\/v2\/comments?post=37267"}],"version-history":[{"count":1,"href":"https:\/\/dentaleyepad.de\/es\/wp-json\/wp\/v2\/pages\/37267\/revisions"}],"predecessor-version":[{"id":37298,"href":"https:\/\/dentaleyepad.de\/es\/wp-json\/wp\/v2\/pages\/37267\/revisions\/37298"}],"wp:attachment":[{"href":"https:\/\/dentaleyepad.de\/es\/wp-json\/wp\/v2\/media?parent=37267"}],"curies":[{"name":"wp","href":"https:\/\/api.w.org\/{rel}","templated":true}]}}