{"id":32740,"date":"2023-01-30T15:08:32","date_gmt":"2023-01-30T14:08:32","guid":{"rendered":"https:\/\/dentaleyepad.de\/newsletter\/"},"modified":"2024-07-18T12:03:25","modified_gmt":"2024-07-18T10:03:25","slug":"newsletter","status":"publish","type":"page","link":"https:\/\/dentaleyepad.de\/fr\/newsletter\/","title":{"rendered":"Bulletin d&rsquo;information"},"content":{"rendered":"\t\t<div data-elementor-type=\"wp-page\" data-elementor-id=\"32740\" class=\"elementor elementor-32740 elementor-2168\" data-elementor-post-type=\"page\">\n\t\t\t\t\t\t<section class=\"elementor-section elementor-top-section elementor-element elementor-element-26045d77 elementor-section-boxed elementor-section-height-default elementor-section-height-default\" data-id=\"26045d77\" data-element_type=\"section\" data-e-type=\"section\">\n\t\t\t\t\t\t<div class=\"elementor-container elementor-column-gap-default\">\n\t\t\t\t\t<div class=\"elementor-column elementor-col-100 elementor-top-column elementor-element elementor-element-89a669d\" data-id=\"89a669d\" data-element_type=\"column\" data-e-type=\"column\">\n\t\t\t<div class=\"elementor-widget-wrap elementor-element-populated\">\n\t\t\t\t\t\t<div class=\"elementor-element elementor-element-69ebffd2 elementor-widget elementor-widget-heading\" data-id=\"69ebffd2\" data-element_type=\"widget\" data-e-type=\"widget\" data-widget_type=\"heading.default\">\n\t\t\t\t<div class=\"elementor-widget-container\">\n\t\t\t\t\t<h1 class=\"elementor-heading-title elementor-size-default\">Bulletin d'information<\/h1>\t\t\t\t<\/div>\n\t\t\t\t<\/div>\n\t\t\t\t<div class=\"elementor-element elementor-element-35c7567d elementor-widget elementor-widget-text-editor\" data-id=\"35c7567d\" data-element_type=\"widget\" data-e-type=\"widget\" data-widget_type=\"text-editor.default\">\n\t\t\t\t<div class=\"elementor-widget-container\">\n\t\t\t\t\t\t\t\t\t<h2 style=\"font-family: 'arial'; font-size: 36px;\">dental<strong><span style=\"color: #0094d0; font-family: 'arial';\"><em>eye<\/em><\/span>pad<\/strong><\/h2>\t\t\t\t\t\t\t\t<\/div>\n\t\t\t\t<\/div>\n\t\t\t\t<div class=\"elementor-element elementor-element-6c44eff2 form-max-width elementor-widget elementor-widget-text-editor\" data-id=\"6c44eff2\" data-element_type=\"widget\" data-e-type=\"widget\" data-widget_type=\"text-editor.default\">\n\t\t\t\t<div class=\"elementor-widget-container\">\n\t\t\t\t\t\t\t\t\t<p>Inscrivez-vous \u00e0 l&rsquo;une des newsletters de Dentaleyepad.<\/p>\t\t\t\t\t\t\t\t<\/div>\n\t\t\t\t<\/div>\n\t\t\t\t<div class=\"elementor-element elementor-element-1b8c9a5f form-max-width form-newsletter elementor-button-align-stretch elementor-widget elementor-widget-form\" data-id=\"1b8c9a5f\" data-element_type=\"widget\" data-e-type=\"widget\" data-settings=\"{&quot;step_next_label&quot;:&quot;Suivant&quot;,&quot;step_previous_label&quot;:&quot;Previous&quot;,&quot;button_width&quot;:&quot;100&quot;,&quot;step_type&quot;:&quot;number_text&quot;,&quot;step_icon_shape&quot;:&quot;circle&quot;}\" data-widget_type=\"form.default\">\n\t\t\t\t<div class=\"elementor-widget-container\">\n\t\t\t\t\t\t\t<form class=\"elementor-form\" method=\"post\" name=\"Nouvelle forme\" aria-label=\"Nouvelle forme\">\n\t\t\t<input type=\"hidden\" name=\"post_id\" value=\"32740\"\/>\n\t\t\t<input type=\"hidden\" name=\"form_id\" value=\"1b8c9a5f\"\/>\n\t\t\t<input type=\"hidden\" name=\"referer_title\" value=\"dentaleyepad\" \/>\n\n\t\t\t\n\t\t\t<div class=\"elementor-form-fields-wrapper elementor-labels-\">\n\t\t\t\t\t\t\t\t<div class=\"elementor-field-type-text elementor-field-group elementor-column elementor-field-group-field_title elementor-col-100\">\n\t\t\t\t\t\t\t\t\t\t\t\t\t<input size=\"1\" type=\"text\" name=\"form_fields[field_title]\" id=\"form-field-field_title\" class=\"elementor-field elementor-size-sm  elementor-field-textual\" placeholder=\"Titre\">\n\t\t\t\t\t\t\t\t\t\t\t<\/div>\n\t\t\t\t\t\t\t\t<div class=\"elementor-field-type-text elementor-field-group elementor-column elementor-field-group-first_name elementor-col-100 elementor-field-required\">\n\t\t\t\t\t\t\t\t\t\t\t\t<label for=\"form-field-first_name\" class=\"elementor-field-label elementor-screen-only\">\n\t\t\t\t\t\t\t\tpr\u00e9nom\t\t\t\t\t\t\t<\/label>\n\t\t\t\t\t\t\t\t\t\t\t\t\t\t<input size=\"1\" type=\"text\" name=\"form_fields[first_name]\" id=\"form-field-first_name\" class=\"elementor-field elementor-size-sm  elementor-field-textual\" placeholder=\"Pr\u00e9nom (obligatoire)\" required=\"required\">\n\t\t\t\t\t\t\t\t\t\t\t<\/div>\n\t\t\t\t\t\t\t\t<div class=\"elementor-field-type-text elementor-field-group elementor-column elementor-field-group-last_name elementor-col-100 elementor-field-required\">\n\t\t\t\t\t\t\t\t\t\t\t\t<label for=\"form-field-last_name\" class=\"elementor-field-label elementor-screen-only\">\n\t\t\t\t\t\t\t\tnom de famille\t\t\t\t\t\t\t<\/label>\n\t\t\t\t\t\t\t\t\t\t\t\t\t\t<input size=\"1\" type=\"text\" name=\"form_fields[last_name]\" id=\"form-field-last_name\" class=\"elementor-field elementor-size-sm  elementor-field-textual\" placeholder=\"Nom de famille (obligatoire)\" required=\"required\">\n\t\t\t\t\t\t\t\t\t\t\t<\/div>\n\t\t\t\t\t\t\t\t<div class=\"elementor-field-type-text elementor-field-group elementor-column elementor-field-group-email elementor-col-100 elementor-field-required\">\n\t\t\t\t\t\t\t\t\t\t\t\t<label for=\"form-field-email\" class=\"elementor-field-label elementor-screen-only\">\n\t\t\t\t\t\t\t\tmail\t\t\t\t\t\t\t<\/label>\n\t\t\t\t\t\t\t\t\t\t\t\t\t\t<input size=\"1\" type=\"text\" name=\"form_fields[email]\" id=\"form-field-email\" class=\"elementor-field elementor-size-sm  elementor-field-textual\" placeholder=\"E-mail (obligatoire)\" required=\"required\">\n\t\t\t\t\t\t\t\t\t\t\t<\/div>\n\t\t\t\t\t\t\t\t<div class=\"elementor-field-type-checkbox elementor-field-group elementor-column elementor-field-group-sendinblue_listen elementor-col-100\">\n\t\t\t\t\t\t\t\t\t\t\t\t<label for=\"form-field-sendinblue_listen\" class=\"elementor-field-label elementor-screen-only\">\n\t\t\t\t\t\t\t\tLISTEN\t\t\t\t\t\t\t<\/label>\n\t\t\t\t\t\t<div class=\"elementor-field-subgroup  elementor-subgroup-inline\"><span class=\"elementor-field-option\"><input type=\"checkbox\" value=\"cs1\" id=\"form-field-sendinblue_listen-0\" name=\"form_fields[sendinblue_listen][]\"> <label for=\"form-field-sendinblue_listen-0\">dentaleyepad Updates <span class=\"sub-text\">Informations sur les mises \u00e0 jour et les nouvelles fonctions du dentaleyepad.<\/span> <\/label><\/span><span class=\"elementor-field-option\"><input type=\"checkbox\" value=\"cs2 \" id=\"form-field-sendinblue_listen-1\" name=\"form_fields[sendinblue_listen][]\"> <label for=\"form-field-sendinblue_listen-1\">doctorseyes offres d'\u00e9pargne <span class=\"sub-text\">Vous recevez un message en cas d'actions sp\u00e9ciales et d'offres d'\u00e9pargne (max. 4 fois par an)<\/span>  <\/label><\/span><span class=\"elementor-field-option\"><input type=\"checkbox\" value=\"cs3\" id=\"form-field-sendinblue_listen-2\" name=\"form_fields[sendinblue_listen][]\"> <label for=\"form-field-sendinblue_listen-2\">Lettre d'information de doctorseyes<span class=\"sub-text\">Vous recevrez des informations sur les nouveaux produits et services de doctorseyes. (max. 4 fois par an)  <\/span>  <\/label><\/span><span class=\"elementor-field-option\"><input type=\"checkbox\" value=\"cs4\" id=\"form-field-sendinblue_listen-3\" name=\"form_fields[sendinblue_listen][]\"> <label for=\"form-field-sendinblue_listen-3\">Actions gratuites et offres d'essaiVous<span class=\"sub-text\">recevez des messages sur les actions gratuites et les offres d'essai (max. 2 fois par an)<\/span> <\/label><\/span><span class=\"elementor-field-option\"><input type=\"checkbox\" value=\"cs5\" id=\"form-field-sendinblue_listen-4\" name=\"form_fields[sendinblue_listen][]\"> <label for=\"form-field-sendinblue_listen-4\">doctorseyes Sondages et jeux-concours  <span class=\"sub-text\">Nous les invitons \u00e0 participer \u00e0 des enqu\u00eates et \u00e0 des concours organis\u00e9s par doctorseyes. (max. 2 fois par an)<\/span><\/label><\/span><\/div>\t\t\t\t<\/div>\n\t\t\t\t\t\t\t\t<div class=\"elementor-field-type-acceptance elementor-field-group elementor-column elementor-field-group-field_c3cb5ff elementor-col-100 elementor-field-required\">\n\t\t\t\t\t\t\t\t\t\t\t\t<label for=\"form-field-field_c3cb5ff\" class=\"elementor-field-label elementor-screen-only\">\n\t\t\t\t\t\t\t\tOptin\t\t\t\t\t\t\t<\/label>\n\t\t\t\t\t\t\t\t<div class=\"elementor-field-subgroup\">\n\t\t\t<span class=\"elementor-field-option\">\n\t\t\t\t<input type=\"checkbox\" name=\"form_fields[field_c3cb5ff]\" id=\"form-field-field_c3cb5ff\" class=\"elementor-field elementor-size-sm  elementor-acceptance-field\" required=\"required\">\n\t\t\t\t<label for=\"form-field-field_c3cb5ff\"><span style=\"font-weight: 300; font-size: 14px; line-height: 14px; display: inline-block; position: relative; top: -2px;\">J'accepte de recevoir des informations sur les offres de produits de doctorseyes GmbH par e-mail.  <\/span><\/label>\t\t\t<\/span>\n\t\t<\/div>\n\t\t\t\t\t\t<\/div>\n\t\t\t\t\t\t\t\t<div class=\"elementor-field-type-hidden elementor-field-group elementor-column elementor-field-group-field_78805bc elementor-col-100\">\n\t\t\t\t\t\t\t\t\t\t\t\t\t<input size=\"1\" type=\"hidden\" name=\"form_fields[field_78805bc]\" id=\"form-field-field_78805bc\" class=\"elementor-field elementor-size-sm  elementor-field-textual\" value=\"fr\">\n\t\t\t\t\t\t\t\t\t\t\t<\/div>\n\t\t\t\t\t\t\t\t<div class=\"elementor-field-type-recaptcha_v3 elementor-field-group elementor-column elementor-field-group-field_5fc6c52 elementor-col-100 recaptcha_v3-bottomright\">\n\t\t\t\t\t<div class=\"elementor-field\" id=\"form-field-field_5fc6c52\"><div class=\"elementor-g-recaptcha\" data-sitekey=\"6Lee0cUaAAAAALusPwDfRNzGOR6JBkvi-f73Djin\" data-type=\"v3\" data-action=\"Form\" data-badge=\"bottomright\" data-size=\"invisible\"><\/div><\/div>\t\t\t\t<\/div>\n\t\t\t\t\t\t\t\t<div class=\"elementor-field-group elementor-column elementor-field-type-submit elementor-col-100 e-form__buttons\">\n\t\t\t\t\t<button class=\"elementor-button elementor-size-sm\" type=\"submit\">\n\t\t\t\t\t\t<span class=\"elementor-button-content-wrapper\">\n\t\t\t\t\t\t\t\t\t\t\t\t\t\t\t\t\t\t\t\t\t\t<span class=\"elementor-button-text\">METTRE \u00c0 JOUR LE COMPTE<\/span>\n\t\t\t\t\t\t\t\t\t\t\t\t\t<\/span>\n\t\t\t\t\t<\/button>\n\t\t\t\t<\/div>\n\t\t\t<\/div>\n\t\t<\/form>\n\t\t\t\t\t\t<\/div>\n\t\t\t\t<\/div>\n\t\t\t\t\t<\/div>\n\t\t<\/div>\n\t\t\t\t\t<\/div>\n\t\t<\/section>\n\t\t\t\t<\/div>\n\t\t","protected":false},"excerpt":{"rendered":"<p>Bulletin d&rsquo;information dentaleyepad Inscrivez-vous \u00e0 l&rsquo;une des newsletters de Dentaleyepad.<\/p>\n","protected":false},"author":119,"featured_media":0,"parent":0,"menu_order":0,"comment_status":"closed","ping_status":"closed","template":"","meta":{"_acf_changed":false,"footnotes":""},"class_list":["post-32740","page","type-page","status-publish","hentry"],"acf":[],"yoast_head":"<!-- This site is optimized with the Yoast SEO plugin v27.2 - https:\/\/yoast.com\/product\/yoast-seo-wordpress\/ -->\n<title>Bulletin d&#039;information - dentaleyepad<\/title>\n<meta name=\"description\" content=\"Inscription \u00e0 la newsletter | dentaleyepad.de Inscrivez-vous \u00e0 la newsletter concernant les th\u00e8mes de Dentaleyepad.\" \/>\n<meta name=\"robots\" content=\"index, follow, max-snippet:-1, max-image-preview:large, max-video-preview:-1\" \/>\n<link rel=\"canonical\" href=\"https:\/\/dentaleyepad.de\/fr\/newsletter\/\" \/>\n<meta property=\"og:locale\" content=\"fr_FR\" \/>\n<meta property=\"og:type\" content=\"article\" \/>\n<meta property=\"og:title\" content=\"Bulletin d&#039;information - dentaleyepad\" \/>\n<meta property=\"og:description\" content=\"Inscription \u00e0 la newsletter | dentaleyepad.de Inscrivez-vous \u00e0 la newsletter concernant les th\u00e8mes de Dentaleyepad.\" \/>\n<meta property=\"og:url\" content=\"https:\/\/dentaleyepad.de\/fr\/newsletter\/\" \/>\n<meta property=\"og:site_name\" content=\"dentaleyepad\" \/>\n<meta property=\"article:modified_time\" content=\"2024-07-18T10:03:25+00:00\" \/>\n<meta name=\"twitter:card\" content=\"summary_large_image\" \/>\n<script type=\"application\/ld+json\" class=\"yoast-schema-graph\">{\"@context\":\"https:\/\/schema.org\",\"@graph\":[{\"@type\":\"WebPage\",\"@id\":\"https:\/\/dentaleyepad.de\/fr\/newsletter\/\",\"url\":\"https:\/\/dentaleyepad.de\/fr\/newsletter\/\",\"name\":\"Bulletin d'information - dentaleyepad\",\"isPartOf\":{\"@id\":\"https:\/\/dentaleyepad.de\/#website\"},\"datePublished\":\"2023-01-30T14:08:32+00:00\",\"dateModified\":\"2024-07-18T10:03:25+00:00\",\"description\":\"Inscription \u00e0 la newsletter | dentaleyepad.de Inscrivez-vous \u00e0 la newsletter concernant les th\u00e8mes de Dentaleyepad.\",\"breadcrumb\":{\"@id\":\"https:\/\/dentaleyepad.de\/fr\/newsletter\/#breadcrumb\"},\"inLanguage\":\"fr-FR\",\"potentialAction\":[{\"@type\":\"ReadAction\",\"target\":[\"https:\/\/dentaleyepad.de\/fr\/newsletter\/\"]}]},{\"@type\":\"BreadcrumbList\",\"@id\":\"https:\/\/dentaleyepad.de\/fr\/newsletter\/#breadcrumb\",\"itemListElement\":[{\"@type\":\"ListItem\",\"position\":1,\"name\":\"Startseite\",\"item\":\"https:\/\/dentaleyepad.de\/\"},{\"@type\":\"ListItem\",\"position\":2,\"name\":\"Bulletin d&rsquo;information\"}]},{\"@type\":\"WebSite\",\"@id\":\"https:\/\/dentaleyepad.de\/#website\",\"url\":\"https:\/\/dentaleyepad.de\/\",\"name\":\"dentaleyepad\",\"description\":\"dental photograpy\",\"potentialAction\":[{\"@type\":\"SearchAction\",\"target\":{\"@type\":\"EntryPoint\",\"urlTemplate\":\"https:\/\/dentaleyepad.de\/?s={search_term_string}\"},\"query-input\":{\"@type\":\"PropertyValueSpecification\",\"valueRequired\":true,\"valueName\":\"search_term_string\"}}],\"inLanguage\":\"fr-FR\"}]}<\/script>\n<!-- \/ Yoast SEO plugin. -->","yoast_head_json":{"title":"Bulletin d'information - dentaleyepad","description":"Inscription \u00e0 la newsletter | dentaleyepad.de Inscrivez-vous \u00e0 la newsletter concernant les th\u00e8mes de Dentaleyepad.","robots":{"index":"index","follow":"follow","max-snippet":"max-snippet:-1","max-image-preview":"max-image-preview:large","max-video-preview":"max-video-preview:-1"},"canonical":"https:\/\/dentaleyepad.de\/fr\/newsletter\/","og_locale":"fr_FR","og_type":"article","og_title":"Bulletin d'information - dentaleyepad","og_description":"Inscription \u00e0 la newsletter | dentaleyepad.de Inscrivez-vous \u00e0 la newsletter concernant les th\u00e8mes de Dentaleyepad.","og_url":"https:\/\/dentaleyepad.de\/fr\/newsletter\/","og_site_name":"dentaleyepad","article_modified_time":"2024-07-18T10:03:25+00:00","twitter_card":"summary_large_image","schema":{"@context":"https:\/\/schema.org","@graph":[{"@type":"WebPage","@id":"https:\/\/dentaleyepad.de\/fr\/newsletter\/","url":"https:\/\/dentaleyepad.de\/fr\/newsletter\/","name":"Bulletin d'information - dentaleyepad","isPartOf":{"@id":"https:\/\/dentaleyepad.de\/#website"},"datePublished":"2023-01-30T14:08:32+00:00","dateModified":"2024-07-18T10:03:25+00:00","description":"Inscription \u00e0 la newsletter | dentaleyepad.de Inscrivez-vous \u00e0 la newsletter concernant les th\u00e8mes de Dentaleyepad.","breadcrumb":{"@id":"https:\/\/dentaleyepad.de\/fr\/newsletter\/#breadcrumb"},"inLanguage":"fr-FR","potentialAction":[{"@type":"ReadAction","target":["https:\/\/dentaleyepad.de\/fr\/newsletter\/"]}]},{"@type":"BreadcrumbList","@id":"https:\/\/dentaleyepad.de\/fr\/newsletter\/#breadcrumb","itemListElement":[{"@type":"ListItem","position":1,"name":"Startseite","item":"https:\/\/dentaleyepad.de\/"},{"@type":"ListItem","position":2,"name":"Bulletin d&rsquo;information"}]},{"@type":"WebSite","@id":"https:\/\/dentaleyepad.de\/#website","url":"https:\/\/dentaleyepad.de\/","name":"dentaleyepad","description":"dental photograpy","potentialAction":[{"@type":"SearchAction","target":{"@type":"EntryPoint","urlTemplate":"https:\/\/dentaleyepad.de\/?s={search_term_string}"},"query-input":{"@type":"PropertyValueSpecification","valueRequired":true,"valueName":"search_term_string"}}],"inLanguage":"fr-FR"}]}},"_links":{"self":[{"href":"https:\/\/dentaleyepad.de\/fr\/wp-json\/wp\/v2\/pages\/32740","targetHints":{"allow":["GET"]}}],"collection":[{"href":"https:\/\/dentaleyepad.de\/fr\/wp-json\/wp\/v2\/pages"}],"about":[{"href":"https:\/\/dentaleyepad.de\/fr\/wp-json\/wp\/v2\/types\/page"}],"author":[{"embeddable":true,"href":"https:\/\/dentaleyepad.de\/fr\/wp-json\/wp\/v2\/users\/119"}],"replies":[{"embeddable":true,"href":"https:\/\/dentaleyepad.de\/fr\/wp-json\/wp\/v2\/comments?post=32740"}],"version-history":[{"count":42,"href":"https:\/\/dentaleyepad.de\/fr\/wp-json\/wp\/v2\/pages\/32740\/revisions"}],"predecessor-version":[{"id":51943,"href":"https:\/\/dentaleyepad.de\/fr\/wp-json\/wp\/v2\/pages\/32740\/revisions\/51943"}],"wp:attachment":[{"href":"https:\/\/dentaleyepad.de\/fr\/wp-json\/wp\/v2\/media?parent=32740"}],"curies":[{"name":"wp","href":"https:\/\/api.w.org\/{rel}","templated":true}]}}